{"id":332,"date":"2017-11-08T11:04:53","date_gmt":"2017-11-08T10:04:53","guid":{"rendered":"http:\/\/213.192.95.82\/targi\/?page_id=332"},"modified":"2017-11-09T10:04:37","modified_gmt":"2017-11-09T09:04:37","slug":"edycja-2010","status":"publish","type":"page","link":"http:\/\/targiseniora.pl\/?page_id=332","title":{"rendered":"Edycja 2010"},"content":{"rendered":"<figure id=\"attachment_346\" aria-describedby=\"caption-attachment-346\" style=\"width: 150px\" class=\"wp-caption alignleft\"><a href=\"http:\/\/targiseniora.pl\/wp-content\/uploads\/2017\/11\/tm2010_01.jpg\"><img loading=\"lazy\" decoding=\"async\" class=\"foto wp-image-346 size-thumbnail\" src=\"http:\/\/targiseniora.pl\/wp-content\/uploads\/2017\/11\/tm2010_01-150x150.jpg\" alt=\"\" width=\"150\" height=\"150\" \/><\/a><figcaption id=\"caption-attachment-346\" class=\"wp-caption-text\">Bli\u017cej spraw senior\u00f3w, www.ops.pl, pa\u017adziernik 2010<\/figcaption><\/figure>\n<figure id=\"attachment_356\" aria-describedby=\"caption-attachment-356\" style=\"width: 150px\" class=\"wp-caption alignleft\"><a href=\"http:\/\/targiseniora.pl\/wp-content\/uploads\/2017\/11\/tm2010_11.jpg\"><img loading=\"lazy\" decoding=\"async\" class=\"foto wp-image-356 size-thumbnail\" src=\"http:\/\/targiseniora.pl\/wp-content\/uploads\/2017\/11\/tm2010_11-150x150.jpg\" alt=\"\" width=\"150\" height=\"150\" \/><\/a><figcaption id=\"caption-attachment-356\" class=\"wp-caption-text\">Relacja z Sopockich Targ\u00f3w Seniora, By\u0142 Seniorem, 15.10.2010<\/figcaption><\/figure>\n<figure id=\"attachment_366\" aria-describedby=\"caption-attachment-366\" style=\"width: 150px\" class=\"wp-caption alignleft\"><a href=\"http:\/\/targiseniora.pl\/wp-content\/uploads\/2017\/11\/tm2010_21.jpg\"><img loading=\"lazy\" decoding=\"async\" class=\"foto wp-image-366 size-thumbnail\" src=\"http:\/\/targiseniora.pl\/wp-content\/uploads\/2017\/11\/tm2010_21-150x150.jpg\" alt=\"\" width=\"150\" height=\"150\" \/><\/a><figcaption id=\"caption-attachment-366\" class=\"wp-caption-text\">Aktywna jesie\u0144 \u017cycia, Go\u015b\u0107 niedzielny, 10.10.2010<\/figcaption><\/figure>\n<figure id=\"attachment_367\" aria-describedby=\"caption-attachment-367\" style=\"width: 150px\" class=\"wp-caption alignleft\"><a href=\"http:\/\/targiseniora.pl\/wp-content\/uploads\/2017\/11\/tm2010_22.jpg\"><img loading=\"lazy\" decoding=\"async\" class=\"foto wp-image-367 size-thumbnail\" src=\"http:\/\/targiseniora.pl\/wp-content\/uploads\/2017\/11\/tm2010_22-150x150.jpg\" alt=\"\" width=\"150\" height=\"150\" \/><\/a><figcaption id=\"caption-attachment-367\" class=\"wp-caption-text\">Przepis na dobr\u0105 staro\u015b\u0107 &#8211; Sopockie Targi Seniora, Problemy Spo\u0142eczne, IX-X.2010<\/figcaption><\/figure>\n<figure id=\"attachment_368\" aria-describedby=\"caption-attachment-368\" style=\"width: 150px\" class=\"wp-caption alignleft\"><a href=\"http:\/\/targiseniora.pl\/wp-content\/uploads\/2017\/11\/tm2010_23.jpg\"><img loading=\"lazy\" decoding=\"async\" class=\"foto wp-image-368 size-thumbnail\" src=\"http:\/\/targiseniora.pl\/wp-content\/uploads\/2017\/11\/tm2010_23-150x150.jpg\" alt=\"\" width=\"150\" height=\"150\" \/><\/a><figcaption id=\"caption-attachment-368\" class=\"wp-caption-text\">Kawa czy herbata, 27.09.2010<\/figcaption><\/figure>\n<figure id=\"attachment_369\" aria-describedby=\"caption-attachment-369\" style=\"width: 150px\" class=\"wp-caption alignleft\"><a href=\"http:\/\/targiseniora.pl\/wp-content\/uploads\/2017\/11\/tm2010_24.jpg\"><img loading=\"lazy\" decoding=\"async\" class=\"size-thumbnail wp-image-369\" src=\"http:\/\/targiseniora.pl\/wp-content\/uploads\/2017\/11\/tm2010_24-150x150.jpg\" alt=\"\" width=\"150\" height=\"150\" \/><\/a><figcaption id=\"caption-attachment-369\" class=\"wp-caption-text\">Targi w Sopocie, czyli wszystko dla senior\u00f3w, Polska Dziennik Ba\u0142tycki, 27.09.2010<\/figcaption><\/figure>\n<figure id=\"attachment_370\" aria-describedby=\"caption-attachment-370\" style=\"width: 150px\" class=\"wp-caption alignleft\"><a href=\"http:\/\/targiseniora.pl\/wp-content\/uploads\/2017\/11\/tm2010_25.jpg\"><img loading=\"lazy\" decoding=\"async\" class=\"size-thumbnail wp-image-370\" src=\"http:\/\/targiseniora.pl\/wp-content\/uploads\/2017\/11\/tm2010_25-150x150.jpg\" alt=\"\" width=\"150\" height=\"150\" \/><\/a><figcaption id=\"caption-attachment-370\" class=\"wp-caption-text\">Targi pogodnej staro\u015bci, Gazeta Wyborcza, 24.09.2010<\/figcaption><\/figure>\n<figure id=\"attachment_371\" aria-describedby=\"caption-attachment-371\" style=\"width: 150px\" class=\"wp-caption alignleft\"><a href=\"http:\/\/targiseniora.pl\/wp-content\/uploads\/2017\/11\/tm2010_26.jpg\"><img loading=\"lazy\" decoding=\"async\" class=\"wp-image-371 size-thumbnail\" src=\"http:\/\/targiseniora.pl\/wp-content\/uploads\/2017\/11\/tm2010_26-150x150.jpg\" alt=\"\" width=\"150\" height=\"150\" \/><\/a><figcaption id=\"caption-attachment-371\" class=\"wp-caption-text\">Sopockie Targi Seniora odb\u0119d\u0105 si\u0119 w sobot\u0119, money.pl, 23.09.2010<\/figcaption><\/figure>\n<figure id=\"attachment_372\" aria-describedby=\"caption-attachment-372\" style=\"width: 150px\" class=\"wp-caption alignleft\"><a href=\"http:\/\/targiseniora.pl\/wp-content\/uploads\/2017\/11\/tm2010_27.jpg\"><img loading=\"lazy\" decoding=\"async\" class=\"wp-image-372 size-thumbnail\" src=\"http:\/\/targiseniora.pl\/wp-content\/uploads\/2017\/11\/tm2010_27-150x150.jpg\" alt=\"\" width=\"150\" height=\"150\" \/><\/a><figcaption id=\"caption-attachment-372\" class=\"wp-caption-text\">Targi dla Senior\u00f3w, Portal Radio Gda\u0144sk, 23.09.2010<\/figcaption><\/figure>\n<figure id=\"attachment_347\" aria-describedby=\"caption-attachment-347\" style=\"width: 150px\" class=\"wp-caption alignleft\"><a href=\"http:\/\/targiseniora.pl\/wp-content\/uploads\/2017\/11\/tm2010_02.jpg\"><img loading=\"lazy\" decoding=\"async\" class=\"wp-image-347 size-thumbnail\" src=\"http:\/\/targiseniora.pl\/wp-content\/uploads\/2017\/11\/tm2010_02-150x150.jpg\" alt=\"\" width=\"150\" height=\"150\" \/><\/a><figcaption id=\"caption-attachment-347\" class=\"wp-caption-text\">Targi Seniora w Sopocie, Rynek Zdrowia, 23.09.2010<\/figcaption><\/figure>\n<figure id=\"attachment_348\" aria-describedby=\"caption-attachment-348\" style=\"width: 150px\" class=\"wp-caption alignleft\"><a href=\"http:\/\/targiseniora.pl\/wp-content\/uploads\/2017\/11\/tm2010_03.jpg\"><img loading=\"lazy\" decoding=\"async\" class=\"size-thumbnail wp-image-348\" src=\"http:\/\/targiseniora.pl\/wp-content\/uploads\/2017\/11\/tm2010_03-150x150.jpg\" alt=\"\" width=\"150\" height=\"150\" \/><\/a><figcaption id=\"caption-attachment-348\" class=\"wp-caption-text\">Aktywna jesie\u0144 \u017cycia, Go\u015b\u0107 niedzielny, 10.10.2010<\/figcaption><\/figure>\n<figure id=\"attachment_349\" aria-describedby=\"caption-attachment-349\" style=\"width: 150px\" class=\"wp-caption alignleft\"><a href=\"http:\/\/targiseniora.pl\/wp-content\/uploads\/2017\/11\/tm2010_04.jpg\"><img loading=\"lazy\" decoding=\"async\" class=\"size-thumbnail wp-image-349\" src=\"http:\/\/targiseniora.pl\/wp-content\/uploads\/2017\/11\/tm2010_04-150x150.jpg\" alt=\"\" width=\"150\" height=\"150\" \/><\/a><figcaption id=\"caption-attachment-349\" class=\"wp-caption-text\">Przepis na dobr\u0105 staro\u015b\u0107 &#8211; Sopockie Targi Seniora, Dziennik Ba\u0142tycki, 22.09.2010<\/figcaption><\/figure>\n<figure id=\"attachment_350\" aria-describedby=\"caption-attachment-350\" style=\"width: 150px\" class=\"wp-caption alignleft\"><a href=\"http:\/\/targiseniora.pl\/wp-content\/uploads\/2017\/11\/tm2010_05.jpg\"><img loading=\"lazy\" decoding=\"async\" class=\"size-thumbnail wp-image-350\" src=\"http:\/\/targiseniora.pl\/wp-content\/uploads\/2017\/11\/tm2010_05-150x150.jpg\" alt=\"\" width=\"150\" height=\"150\" \/><\/a><figcaption id=\"caption-attachment-350\" class=\"wp-caption-text\">Poznaj przepis na dobr\u0105 staro\u015b\u0107, Echo Miasta, 20.09.2010<\/figcaption><\/figure>\n<figure id=\"attachment_351\" aria-describedby=\"caption-attachment-351\" style=\"width: 150px\" class=\"wp-caption alignleft\"><a href=\"http:\/\/targiseniora.pl\/wp-content\/uploads\/2017\/11\/tm2010_06.jpg\"><img loading=\"lazy\" decoding=\"async\" class=\"size-thumbnail wp-image-351\" src=\"http:\/\/targiseniora.pl\/wp-content\/uploads\/2017\/11\/tm2010_06-150x150.jpg\" alt=\"\" width=\"150\" height=\"150\" \/><\/a><figcaption id=\"caption-attachment-351\" class=\"wp-caption-text\">Targi Seniora, Go\u015b\u0107 Niedzielny, 19.09.2010<\/figcaption><\/figure>\n<figure id=\"attachment_352\" aria-describedby=\"caption-attachment-352\" style=\"width: 150px\" class=\"wp-caption alignleft\"><a href=\"http:\/\/targiseniora.pl\/wp-content\/uploads\/2017\/11\/tm2010_07.jpg\"><img loading=\"lazy\" decoding=\"async\" class=\"size-thumbnail wp-image-352\" src=\"http:\/\/targiseniora.pl\/wp-content\/uploads\/2017\/11\/tm2010_07-150x150.jpg\" alt=\"\" width=\"150\" height=\"150\" \/><\/a><figcaption id=\"caption-attachment-352\" class=\"wp-caption-text\">Przepis ma dobra staro\u015b\u0107 &#8211; ju\u017c wkr\u00f3tce Sopockie Targi Seniora, Dziennik Ba\u0142tycki, 15.09.2010<\/figcaption><\/figure>\n<figure id=\"attachment_353\" aria-describedby=\"caption-attachment-353\" style=\"width: 150px\" class=\"wp-caption alignleft\"><a href=\"http:\/\/targiseniora.pl\/wp-content\/uploads\/2017\/11\/tm2010_08.jpg\"><img loading=\"lazy\" decoding=\"async\" class=\"size-thumbnail wp-image-353\" src=\"http:\/\/targiseniora.pl\/wp-content\/uploads\/2017\/11\/tm2010_08-150x150.jpg\" alt=\"\" width=\"150\" height=\"150\" \/><\/a><figcaption id=\"caption-attachment-353\" class=\"wp-caption-text\">Sopockie Targi Seniora, Twoja Gazeta, wrzesie\u0144 2010<\/figcaption><\/figure>\n<figure id=\"attachment_354\" aria-describedby=\"caption-attachment-354\" style=\"width: 150px\" class=\"wp-caption alignleft\"><a href=\"http:\/\/targiseniora.pl\/wp-content\/uploads\/2017\/11\/tm2010_09.jpg\"><img loading=\"lazy\" decoding=\"async\" class=\"size-thumbnail wp-image-354\" src=\"http:\/\/targiseniora.pl\/wp-content\/uploads\/2017\/11\/tm2010_09-150x150.jpg\" alt=\"\" width=\"150\" height=\"150\" \/><\/a><figcaption id=\"caption-attachment-354\" class=\"wp-caption-text\">Sopockie Targi Seniora Przepis na dobr\u0105 staro\u015b\u0107, Riviera, 21.08.2010<\/figcaption><\/figure>\n<figure id=\"attachment_355\" aria-describedby=\"caption-attachment-355\" style=\"width: 150px\" class=\"wp-caption alignleft\"><a href=\"http:\/\/targiseniora.pl\/wp-content\/uploads\/2017\/11\/tm2010_10.jpg\"><img loading=\"lazy\" decoding=\"async\" class=\"size-thumbnail wp-image-355\" src=\"http:\/\/targiseniora.pl\/wp-content\/uploads\/2017\/11\/tm2010_10-150x150.jpg\" alt=\"\" width=\"150\" height=\"150\" \/><\/a><figcaption id=\"caption-attachment-355\" class=\"wp-caption-text\">Sopockie Targi Seniora, Portal Radio Plus, sierpie\u0144 2010<\/figcaption><\/figure>\n<figure id=\"attachment_357\" aria-describedby=\"caption-attachment-357\" style=\"width: 150px\" class=\"wp-caption alignleft\"><a href=\"http:\/\/targiseniora.pl\/wp-content\/uploads\/2017\/11\/tm2010_12.jpg\"><img loading=\"lazy\" decoding=\"async\" class=\"size-thumbnail wp-image-357\" src=\"http:\/\/targiseniora.pl\/wp-content\/uploads\/2017\/11\/tm2010_12-150x150.jpg\" alt=\"\" width=\"150\" height=\"150\" \/><\/a><figcaption id=\"caption-attachment-357\" class=\"wp-caption-text\">Targi Seniora w Sopocie, By\u0142 Seniorem, 18.08.2010<\/figcaption><\/figure>\n<figure id=\"attachment_358\" aria-describedby=\"caption-attachment-358\" style=\"width: 150px\" class=\"wp-caption alignleft\"><a href=\"http:\/\/targiseniora.pl\/wp-content\/uploads\/2017\/11\/tm2010_13.jpg\"><img loading=\"lazy\" decoding=\"async\" class=\"size-thumbnail wp-image-358\" src=\"http:\/\/targiseniora.pl\/wp-content\/uploads\/2017\/11\/tm2010_13-150x150.jpg\" alt=\"\" width=\"150\" height=\"150\" \/><\/a><figcaption id=\"caption-attachment-358\" class=\"wp-caption-text\">Sopockie Targi Seniora, www.ngo.pl, 18.08.2010<\/figcaption><\/figure>\n<figure id=\"attachment_359\" aria-describedby=\"caption-attachment-359\" style=\"width: 150px\" class=\"wp-caption alignleft\"><a href=\"http:\/\/targiseniora.pl\/wp-content\/uploads\/2017\/11\/tm2010_14.jpg\"><img loading=\"lazy\" decoding=\"async\" class=\"size-thumbnail wp-image-359\" src=\"http:\/\/targiseniora.pl\/wp-content\/uploads\/2017\/11\/tm2010_14-150x150.jpg\" alt=\"\" width=\"150\" height=\"150\" \/><\/a><figcaption id=\"caption-attachment-359\" class=\"wp-caption-text\">Poka\u017c si\u0119 podczas targ\u00f3w, Echo Miasta, 9.08.2010<\/figcaption><\/figure>\n<figure id=\"attachment_360\" aria-describedby=\"caption-attachment-360\" style=\"width: 150px\" class=\"wp-caption alignleft\"><a href=\"http:\/\/targiseniora.pl\/wp-content\/uploads\/2017\/11\/tm2010_15.jpg\"><img loading=\"lazy\" decoding=\"async\" class=\"size-thumbnail wp-image-360\" src=\"http:\/\/targiseniora.pl\/wp-content\/uploads\/2017\/11\/tm2010_15-150x150.jpg\" alt=\"\" width=\"150\" height=\"150\" \/><\/a><figcaption id=\"caption-attachment-360\" class=\"wp-caption-text\">Sopockie Targi Seniora, Gazeta \u015awi\u0119toja\u0144ska, sierpie\u0144 2010<\/figcaption><\/figure>\n<figure id=\"attachment_361\" aria-describedby=\"caption-attachment-361\" style=\"width: 150px\" class=\"wp-caption alignleft\"><a href=\"http:\/\/targiseniora.pl\/wp-content\/uploads\/2017\/11\/tm2010_16.jpg\"><img loading=\"lazy\" decoding=\"async\" class=\"size-thumbnail wp-image-361\" src=\"http:\/\/targiseniora.pl\/wp-content\/uploads\/2017\/11\/tm2010_16-150x150.jpg\" alt=\"\" width=\"150\" height=\"150\" \/><\/a><figcaption id=\"caption-attachment-361\" class=\"wp-caption-text\">Sopockie Targi Seniora, 30.07.2010, www.trojmiasto.pl<\/figcaption><\/figure>\n<figure id=\"attachment_362\" aria-describedby=\"caption-attachment-362\" style=\"width: 150px\" class=\"wp-caption alignleft\"><a href=\"http:\/\/targiseniora.pl\/wp-content\/uploads\/2017\/11\/tm2010_17.jpg\"><img loading=\"lazy\" decoding=\"async\" class=\"wp-image-362 size-thumbnail\" src=\"http:\/\/targiseniora.pl\/wp-content\/uploads\/2017\/11\/tm2010_17-150x150.jpg\" alt=\"\" width=\"150\" height=\"150\" \/><\/a><figcaption id=\"caption-attachment-362\" class=\"wp-caption-text\">Pierwsze na Pomorzu Targi dla senior\u00f3w, Polska Dziennik Ba\u0142tycki, 29.07.2010<\/figcaption><\/figure>\n<figure id=\"attachment_363\" aria-describedby=\"caption-attachment-363\" style=\"width: 150px\" class=\"wp-caption alignleft\"><a href=\"http:\/\/targiseniora.pl\/wp-content\/uploads\/2017\/11\/tm2010_18.jpg\"><img loading=\"lazy\" decoding=\"async\" class=\"size-thumbnail wp-image-363\" src=\"http:\/\/targiseniora.pl\/wp-content\/uploads\/2017\/11\/tm2010_18-150x150.jpg\" alt=\"\" width=\"150\" height=\"150\" \/><\/a><figcaption id=\"caption-attachment-363\" class=\"wp-caption-text\">Sopockie Targi Seniora w Warszawie, pmedia, luty 2010<\/figcaption><\/figure>\n<figure id=\"attachment_364\" aria-describedby=\"caption-attachment-364\" style=\"width: 150px\" class=\"wp-caption alignleft\"><a href=\"http:\/\/targiseniora.pl\/wp-content\/uploads\/2017\/11\/tm2010_19.jpg\"><img loading=\"lazy\" decoding=\"async\" class=\"size-thumbnail wp-image-364\" src=\"http:\/\/targiseniora.pl\/wp-content\/uploads\/2017\/11\/tm2010_19-150x150.jpg\" alt=\"\" width=\"150\" height=\"150\" \/><\/a><figcaption id=\"caption-attachment-364\" class=\"wp-caption-text\">Pierwsze na Pomorzu targi dla senior\u00f3w, Dziennik Ba\u0142tycki, 24.09.2010<\/figcaption><\/figure>\n<figure id=\"attachment_365\" aria-describedby=\"caption-attachment-365\" style=\"width: 150px\" class=\"wp-caption alignleft\"><a href=\"http:\/\/targiseniora.pl\/wp-content\/uploads\/2017\/11\/tm2010_20.jpg\"><img loading=\"lazy\" decoding=\"async\" class=\"size-thumbnail wp-image-365\" src=\"http:\/\/targiseniora.pl\/wp-content\/uploads\/2017\/11\/tm2010_20-150x150.jpg\" alt=\"\" width=\"150\" height=\"150\" \/><\/a><figcaption id=\"caption-attachment-365\" class=\"wp-caption-text\">Sopockie Targi Seniora, Codziennik TV, 21.10.2010<\/figcaption><\/figure>\n<p>&nbsp;<\/p>\n","protected":false},"excerpt":{"rendered":"<p>&nbsp;<\/p>\n","protected":false},"author":1,"featured_media":0,"parent":121,"menu_order":0,"comment_status":"closed","ping_status":"closed","template":"","meta":{"footnotes":""},"class_list":["post-332","page","type-page","status-publish","hentry"],"_links":{"self":[{"href":"http:\/\/targiseniora.pl\/index.php?rest_route=\/wp\/v2\/pages\/332","targetHints":{"allow":["GET"]}}],"collection":[{"href":"http:\/\/targiseniora.pl\/index.php?rest_route=\/wp\/v2\/pages"}],"about":[{"href":"http:\/\/targiseniora.pl\/index.php?rest_route=\/wp\/v2\/types\/page"}],"author":[{"embeddable":true,"href":"http:\/\/targiseniora.pl\/index.php?rest_route=\/wp\/v2\/users\/1"}],"replies":[{"embeddable":true,"href":"http:\/\/targiseniora.pl\/index.php?rest_route=%2Fwp%2Fv2%2Fcomments&post=332"}],"version-history":[{"count":19,"href":"http:\/\/targiseniora.pl\/index.php?rest_route=\/wp\/v2\/pages\/332\/revisions"}],"predecessor-version":[{"id":391,"href":"http:\/\/targiseniora.pl\/index.php?rest_route=\/wp\/v2\/pages\/332\/revisions\/391"}],"up":[{"embeddable":true,"href":"http:\/\/targiseniora.pl\/index.php?rest_route=\/wp\/v2\/pages\/121"}],"wp:attachment":[{"href":"http:\/\/targiseniora.pl\/index.php?rest_route=%2Fwp%2Fv2%2Fmedia&parent=332"}],"curies":[{"name":"wp","href":"https:\/\/api.w.org\/{rel}","templated":true}]}}