{"id":338,"date":"2017-11-08T11:06:40","date_gmt":"2017-11-08T10:06:40","guid":{"rendered":"http:\/\/213.192.95.82\/targi\/?page_id=338"},"modified":"2017-11-14T13:31:54","modified_gmt":"2017-11-14T12:31:54","slug":"edycja-2013","status":"publish","type":"page","link":"http:\/\/targiseniora.pl\/?page_id=338","title":{"rendered":"Edycja 2013"},"content":{"rendered":"<figure id=\"attachment_466\" aria-describedby=\"caption-attachment-466\" style=\"width: 150px\" class=\"wp-caption alignleft\"><a href=\"http:\/\/targiseniora.pl\/wp-content\/uploads\/2017\/11\/tm2013_01.jpeg\"><img loading=\"lazy\" decoding=\"async\" class=\"size-thumbnail wp-image-466\" src=\"http:\/\/targiseniora.pl\/wp-content\/uploads\/2017\/11\/tm2013_01-150x150.jpeg\" alt=\"\" width=\"150\" height=\"150\" \/><\/a><figcaption id=\"caption-attachment-466\" class=\"wp-caption-text\">Zumba rozta\u0144czy\u0142a Sopockie Targi Seniora, G\u0142os Seniora, 12.2013<\/figcaption><\/figure>\n<figure id=\"attachment_497\" aria-describedby=\"caption-attachment-497\" style=\"width: 150px\" class=\"wp-caption alignleft\"><a href=\"http:\/\/targiseniora.pl\/wp-content\/uploads\/2017\/11\/tm2013_32.jpg\"><img loading=\"lazy\" decoding=\"async\" class=\"size-thumbnail wp-image-497\" src=\"http:\/\/targiseniora.pl\/wp-content\/uploads\/2017\/11\/tm2013_32-150x150.jpg\" alt=\"\" width=\"150\" height=\"150\" \/><\/a><figcaption id=\"caption-attachment-497\" class=\"wp-caption-text\">Zumba rozta\u0144czy\u0142a pomorskich senior\u00f3w, Express, listopad 2013<\/figcaption><\/figure>\n<figure id=\"attachment_481\" aria-describedby=\"caption-attachment-481\" style=\"width: 150px\" class=\"wp-caption alignleft\"><a href=\"http:\/\/targiseniora.pl\/wp-content\/uploads\/2017\/11\/tm2013_16.jpeg\"><img loading=\"lazy\" decoding=\"async\" class=\"size-thumbnail wp-image-481\" src=\"http:\/\/targiseniora.pl\/wp-content\/uploads\/2017\/11\/tm2013_16-150x150.jpeg\" alt=\"\" width=\"150\" height=\"150\" \/><\/a><figcaption id=\"caption-attachment-481\" class=\"wp-caption-text\">T\u0142umy senior\u00f3w na targach,Dziennik Ba\u0142tycki, 23.10.2013<\/figcaption><\/figure>\n<p>&nbsp;<\/p>\n<p>&nbsp;<\/p>\n<p>&nbsp;<\/p>\n<p>&nbsp;<\/p>\n<p>&nbsp;<\/p>\n<p>&nbsp;<\/p>\n<p>&nbsp;<\/p>\n<figure id=\"attachment_482\" aria-describedby=\"caption-attachment-482\" style=\"width: 150px\" class=\"wp-caption alignleft\"><a href=\"http:\/\/targiseniora.pl\/wp-content\/uploads\/2017\/11\/tm2013_17.jpeg\"><img loading=\"lazy\" decoding=\"async\" class=\"size-thumbnail wp-image-482\" src=\"http:\/\/targiseniora.pl\/wp-content\/uploads\/2017\/11\/tm2013_17-150x150.jpeg\" alt=\"\" width=\"150\" height=\"150\" \/><\/a><figcaption id=\"caption-attachment-482\" class=\"wp-caption-text\">Zumba rozta\u0144czy\u0142a wszystkich, Twoja Gazeta, pa\u017adziernik 2013<\/figcaption><\/figure>\n<figure id=\"attachment_500\" aria-describedby=\"caption-attachment-500\" style=\"width: 150px\" class=\"wp-caption alignleft\"><a href=\"http:\/\/targiseniora.pl\/wp-content\/uploads\/2017\/11\/tm2013_35.jpg\"><img loading=\"lazy\" decoding=\"async\" class=\"size-thumbnail wp-image-500\" src=\"http:\/\/targiseniora.pl\/wp-content\/uploads\/2017\/11\/tm2013_35-150x150.jpg\" alt=\"\" width=\"150\" height=\"150\" \/><\/a><figcaption id=\"caption-attachment-500\" class=\"wp-caption-text\">IV Sopockie Targi Seniora, politykaspoleczna.com, 7.11.2013<\/figcaption><\/figure>\n<figure id=\"attachment_483\" aria-describedby=\"caption-attachment-483\" style=\"width: 150px\" class=\"wp-caption alignleft\"><a href=\"http:\/\/targiseniora.pl\/wp-content\/uploads\/2017\/11\/tm2013_18.jpeg\"><img loading=\"lazy\" decoding=\"async\" class=\"size-thumbnail wp-image-483\" src=\"http:\/\/targiseniora.pl\/wp-content\/uploads\/2017\/11\/tm2013_18-150x150.jpeg\" alt=\"\" width=\"150\" height=\"150\" \/><\/a><figcaption id=\"caption-attachment-483\" class=\"wp-caption-text\">Zapraszamy na Sopockie Targi Seniora, Panorama Pomorza, X.2013<\/figcaption><\/figure>\n<p>&nbsp;<\/p>\n<p>&nbsp;<\/p>\n<p>&nbsp;<\/p>\n<p>&nbsp;<\/p>\n<p>&nbsp;<\/p>\n<p>&nbsp;<\/p>\n<p>&nbsp;<\/p>\n<figure id=\"attachment_484\" aria-describedby=\"caption-attachment-484\" style=\"width: 150px\" class=\"wp-caption alignleft\"><a href=\"http:\/\/targiseniora.pl\/wp-content\/uploads\/2017\/11\/tm2013_19.jpeg\"><img loading=\"lazy\" decoding=\"async\" class=\"size-thumbnail wp-image-484\" src=\"http:\/\/targiseniora.pl\/wp-content\/uploads\/2017\/11\/tm2013_19-150x150.jpeg\" alt=\"\" width=\"150\" height=\"150\" \/><\/a><figcaption id=\"caption-attachment-484\" class=\"wp-caption-text\">Seniorze, te targi s\u0105 w\u0142a\u015bnie dla Ciebie, Dziennik Ba\u0142tycki, 18.10.2013<\/figcaption><\/figure>\n<figure id=\"attachment_486\" aria-describedby=\"caption-attachment-486\" style=\"width: 150px\" class=\"wp-caption alignleft\"><a href=\"http:\/\/targiseniora.pl\/wp-content\/uploads\/2017\/11\/tm2013_21.jpeg\"><img loading=\"lazy\" decoding=\"async\" class=\"size-thumbnail wp-image-486\" src=\"http:\/\/targiseniora.pl\/wp-content\/uploads\/2017\/11\/tm2013_21-150x150.jpeg\" alt=\"\" width=\"150\" height=\"150\" \/><\/a><figcaption id=\"caption-attachment-486\" class=\"wp-caption-text\">Seniorze, zajrzyj na targi, artyku\u0142 w gazecie Dziennik Ba\u0142tycki, 17.10.2013<\/figcaption><\/figure>\n<figure id=\"attachment_467\" aria-describedby=\"caption-attachment-467\" style=\"width: 150px\" class=\"wp-caption alignleft\"><a href=\"http:\/\/targiseniora.pl\/wp-content\/uploads\/2017\/11\/tm2013_02.jpeg\"><img loading=\"lazy\" decoding=\"async\" class=\"wp-image-467 size-thumbnail\" src=\"http:\/\/targiseniora.pl\/wp-content\/uploads\/2017\/11\/tm2013_02-150x150.jpeg\" alt=\"\" width=\"150\" height=\"150\" \/><\/a><figcaption id=\"caption-attachment-467\" class=\"wp-caption-text\">Dla nas wa\u017cne s\u0105 potrzeby senior\u00f3w, Dziennik Ba\u0142tycki, 17.10.2013<\/figcaption><\/figure>\n<p>&nbsp;<\/p>\n<p>&nbsp;<\/p>\n<p>&nbsp;<\/p>\n<p>&nbsp;<\/p>\n<p>&nbsp;<\/p>\n<p>&nbsp;<\/p>\n<p>&nbsp;<\/p>\n<p>&nbsp;<\/p>\n<figure id=\"attachment_488\" aria-describedby=\"caption-attachment-488\" style=\"width: 150px\" class=\"wp-caption alignleft\"><a href=\"http:\/\/targiseniora.pl\/wp-content\/uploads\/2017\/11\/tm2013_23.jpg\"><img loading=\"lazy\" decoding=\"async\" class=\"size-thumbnail wp-image-488\" src=\"http:\/\/targiseniora.pl\/wp-content\/uploads\/2017\/11\/tm2013_23-150x150.jpg\" alt=\"\" width=\"150\" height=\"150\" \/><\/a><figcaption id=\"caption-attachment-488\" class=\"wp-caption-text\">Jak oswoi\u0107 staro\u015b\u0107. Wkr\u00f3tce Sopockie Targi Seniora , Gazeta Kaszubska 15.10.2013<\/figcaption><\/figure>\n<figure id=\"attachment_468\" aria-describedby=\"caption-attachment-468\" style=\"width: 150px\" class=\"wp-caption alignleft\"><a href=\"http:\/\/targiseniora.pl\/wp-content\/uploads\/2017\/11\/tm2013_03.jpeg\"><img loading=\"lazy\" decoding=\"async\" class=\"size-thumbnail wp-image-468\" src=\"http:\/\/targiseniora.pl\/wp-content\/uploads\/2017\/11\/tm2013_03-150x150.jpeg\" alt=\"\" width=\"150\" height=\"150\" \/><\/a><figcaption id=\"caption-attachment-468\" class=\"wp-caption-text\">Porady i pomoc na Targach Seniora, gazeta Dziennik Ba\u0142tycki, 11.10.2013<\/figcaption><\/figure>\n<figure id=\"attachment_469\" aria-describedby=\"caption-attachment-469\" style=\"width: 150px\" class=\"wp-caption alignleft\"><a href=\"http:\/\/targiseniora.pl\/wp-content\/uploads\/2017\/11\/tm2013_04.jpeg\"><img loading=\"lazy\" decoding=\"async\" class=\"size-thumbnail wp-image-469\" src=\"http:\/\/targiseniora.pl\/wp-content\/uploads\/2017\/11\/tm2013_04-150x150.jpeg\" alt=\"\" width=\"150\" height=\"150\" \/><\/a><figcaption id=\"caption-attachment-469\" class=\"wp-caption-text\">Targi dla senior\u00f3w, artyku\u0142 gazecie Dziennik Ba\u0142tycki, z dnia 16.10.2013<\/figcaption><\/figure>\n<p>&nbsp;<\/p>\n<p>&nbsp;<\/p>\n<p>&nbsp;<\/p>\n<p>&nbsp;<\/p>\n<p>&nbsp;<\/p>\n<p>&nbsp;<\/p>\n<p>&nbsp;<\/p>\n<p>&nbsp;<\/p>\n<figure id=\"attachment_470\" aria-describedby=\"caption-attachment-470\" style=\"width: 150px\" class=\"wp-caption alignleft\"><a href=\"http:\/\/targiseniora.pl\/wp-content\/uploads\/2017\/11\/tm2013_05.jpeg\"><img loading=\"lazy\" decoding=\"async\" class=\"size-thumbnail wp-image-470\" src=\"http:\/\/targiseniora.pl\/wp-content\/uploads\/2017\/11\/tm2013_05-150x150.jpeg\" alt=\"\" width=\"150\" height=\"150\" \/><\/a><figcaption id=\"caption-attachment-470\" class=\"wp-caption-text\">Miejsce przyjazne seniorom, Gazeta Wyborcza, 10.10.2013<\/figcaption><\/figure>\n<figure id=\"attachment_490\" aria-describedby=\"caption-attachment-490\" style=\"width: 150px\" class=\"wp-caption alignleft\"><a href=\"http:\/\/targiseniora.pl\/wp-content\/uploads\/2017\/11\/tm2013_25.jpg\"><img loading=\"lazy\" decoding=\"async\" class=\"size-thumbnail wp-image-490\" src=\"http:\/\/targiseniora.pl\/wp-content\/uploads\/2017\/11\/tm2013_25-150x150.jpg\" alt=\"\" width=\"150\" height=\"150\" \/><\/a><figcaption id=\"caption-attachment-490\" class=\"wp-caption-text\">Dla Seniora, portal internetowy Go\u015b\u0107 Niedzielny, 16.10.2013<\/figcaption><\/figure>\n<figure id=\"attachment_471\" aria-describedby=\"caption-attachment-471\" style=\"width: 150px\" class=\"wp-caption alignleft\"><a href=\"http:\/\/targiseniora.pl\/wp-content\/uploads\/2017\/11\/tm2013_06.jpeg\"><img loading=\"lazy\" decoding=\"async\" class=\"size-thumbnail wp-image-471\" src=\"http:\/\/targiseniora.pl\/wp-content\/uploads\/2017\/11\/tm2013_06-150x150.jpeg\" alt=\"\" width=\"150\" height=\"150\" \/><\/a><figcaption id=\"caption-attachment-471\" class=\"wp-caption-text\">Zbli\u017caj\u0105 si\u0119 Sopockie Targi Seniora, Expressy, 11.10.2013<\/figcaption><\/figure>\n<p>&nbsp;<\/p>\n<p>&nbsp;<\/p>\n<p>&nbsp;<\/p>\n<p>&nbsp;<\/p>\n<p>&nbsp;<\/p>\n<p>&nbsp;<\/p>\n<p>&nbsp;<\/p>\n<figure id=\"attachment_491\" aria-describedby=\"caption-attachment-491\" style=\"width: 150px\" class=\"wp-caption alignleft\"><a href=\"http:\/\/targiseniora.pl\/wp-content\/uploads\/2017\/11\/tm2013_26.jpg\"><img loading=\"lazy\" decoding=\"async\" class=\"wp-image-491 size-thumbnail\" src=\"http:\/\/targiseniora.pl\/wp-content\/uploads\/2017\/11\/tm2013_26-150x150.jpg\" alt=\"\" width=\"150\" height=\"150\" srcset=\"http:\/\/targiseniora.pl\/wp-content\/uploads\/2017\/11\/tm2013_26-150x150.jpg 150w, http:\/\/targiseniora.pl\/wp-content\/uploads\/2017\/11\/tm2013_26-300x300.jpg 300w, http:\/\/targiseniora.pl\/wp-content\/uploads\/2017\/11\/tm2013_26.jpg 603w\" sizes=\"auto, (max-width: 150px) 100vw, 150px\" \/><\/a><figcaption id=\"caption-attachment-491\" class=\"wp-caption-text\">Bogata oferta dla senior\u00f3w w Sopocie, Express Gda\u0144sk, Sopot, 19.07.2013<\/figcaption><\/figure>\n<figure id=\"attachment_473\" aria-describedby=\"caption-attachment-473\" style=\"width: 150px\" class=\"wp-caption alignleft\"><a href=\"http:\/\/targiseniora.pl\/wp-content\/uploads\/2017\/11\/tm2013_08.jpeg\"><img loading=\"lazy\" decoding=\"async\" class=\"size-thumbnail wp-image-473\" src=\"http:\/\/targiseniora.pl\/wp-content\/uploads\/2017\/11\/tm2013_08-150x150.jpeg\" alt=\"\" width=\"150\" height=\"150\" \/><\/a><figcaption id=\"caption-attachment-473\" class=\"wp-caption-text\">Sopockie Targi Seniora ju\u017c w pa\u017adzierniku, Gazeta Wyborcza, 21.08.2013<\/figcaption><\/figure>\n<figure id=\"attachment_493\" aria-describedby=\"caption-attachment-493\" style=\"width: 150px\" class=\"wp-caption alignleft\"><a href=\"http:\/\/targiseniora.pl\/wp-content\/uploads\/2017\/11\/tm2013_28.jpg\"><img loading=\"lazy\" decoding=\"async\" class=\"size-thumbnail wp-image-493\" src=\"http:\/\/targiseniora.pl\/wp-content\/uploads\/2017\/11\/tm2013_28-150x150.jpg\" alt=\"\" width=\"150\" height=\"150\" \/><\/a><figcaption id=\"caption-attachment-493\" class=\"wp-caption-text\">Sopockie Targi Seniora, portal internetowy www.ngo.pl, z dnia 17.07.2013<\/figcaption><\/figure>\n<p>&nbsp;<\/p>\n<p>&nbsp;<\/p>\n<p>&nbsp;<\/p>\n<p>&nbsp;<\/p>\n<p>&nbsp;<\/p>\n<p>&nbsp;<\/p>\n<p>&nbsp;<\/p>\n<p>&nbsp;<\/p>\n<figure id=\"attachment_494\" aria-describedby=\"caption-attachment-494\" style=\"width: 150px\" class=\"wp-caption alignleft\"><a href=\"http:\/\/targiseniora.pl\/wp-content\/uploads\/2017\/11\/tm2013_29.jpg\"><img loading=\"lazy\" decoding=\"async\" class=\"size-thumbnail wp-image-494\" src=\"http:\/\/targiseniora.pl\/wp-content\/uploads\/2017\/11\/tm2013_29-150x150.jpg\" alt=\"\" width=\"150\" height=\"150\" \/><\/a><figcaption id=\"caption-attachment-494\" class=\"wp-caption-text\">Targi dla Seniora. Ju\u017c po raz czwarty, Express Gdy\u0144ski, 18.07.2013<\/figcaption><\/figure>\n<figure id=\"attachment_474\" aria-describedby=\"caption-attachment-474\" style=\"width: 150px\" class=\"wp-caption alignleft\"><a href=\"http:\/\/targiseniora.pl\/wp-content\/uploads\/2017\/11\/tm2013_09.jpeg\"><img loading=\"lazy\" decoding=\"async\" class=\"size-thumbnail wp-image-474\" src=\"http:\/\/targiseniora.pl\/wp-content\/uploads\/2017\/11\/tm2013_09-150x150.jpeg\" alt=\"\" width=\"150\" height=\"150\" \/><\/a><figcaption id=\"caption-attachment-474\" class=\"wp-caption-text\">Jesieni\u0105 Sopockie Targi Seniora, Dziennik Ba\u0142tycki, 14.08.2013<\/figcaption><\/figure>\n<figure id=\"attachment_475\" aria-describedby=\"caption-attachment-475\" style=\"width: 150px\" class=\"wp-caption alignleft\"><a href=\"http:\/\/targiseniora.pl\/wp-content\/uploads\/2017\/11\/tm2013_10.jpeg\"><img loading=\"lazy\" decoding=\"async\" class=\"wp-image-475 size-thumbnail\" src=\"http:\/\/targiseniora.pl\/wp-content\/uploads\/2017\/11\/tm2013_10-150x150.jpeg\" alt=\"\" width=\"150\" height=\"150\" \/><\/a><figcaption id=\"caption-attachment-475\" class=\"wp-caption-text\">Targi dla senior\u00f3w, Dziennik Ba\u0142tycki, 9.10.2013<\/figcaption><\/figure>\n<p>&nbsp;<\/p>\n<p>&nbsp;<\/p>\n<p>&nbsp;<\/p>\n<p>&nbsp;<\/p>\n<p>&nbsp;<\/p>\n<p>&nbsp;<\/p>\n<p>&nbsp;<\/p>\n<figure id=\"attachment_476\" aria-describedby=\"caption-attachment-476\" style=\"width: 150px\" class=\"wp-caption alignleft\"><a href=\"http:\/\/targiseniora.pl\/wp-content\/uploads\/2017\/11\/tm2013_11.jpeg\"><img loading=\"lazy\" decoding=\"async\" class=\"size-thumbnail wp-image-476\" src=\"http:\/\/targiseniora.pl\/wp-content\/uploads\/2017\/11\/tm2013_11-150x150.jpeg\" alt=\"\" width=\"150\" height=\"150\" \/><\/a><figcaption id=\"caption-attachment-476\" class=\"wp-caption-text\">Zg\u0142o\u015b swoj\u0105 ofert\u0119 na Targi Seniora, Dziennik Ba\u0142tycki, 19.08.2013<\/figcaption><\/figure>\n<figure id=\"attachment_477\" aria-describedby=\"caption-attachment-477\" style=\"width: 150px\" class=\"wp-caption alignleft\"><a href=\"http:\/\/targiseniora.pl\/wp-content\/uploads\/2017\/11\/tm2013_12.jpeg\"><img loading=\"lazy\" decoding=\"async\" class=\"size-thumbnail wp-image-477\" src=\"http:\/\/targiseniora.pl\/wp-content\/uploads\/2017\/11\/tm2013_12-150x150.jpeg\" alt=\"\" width=\"150\" height=\"150\" \/><\/a><figcaption id=\"caption-attachment-477\" class=\"wp-caption-text\">We\u017a udzia\u0142 w sopockich targach, Panorama Pomorza, sierpie\u0144 2013<\/figcaption><\/figure>\n<figure id=\"attachment_478\" aria-describedby=\"caption-attachment-478\" style=\"width: 150px\" class=\"wp-caption alignleft\"><a href=\"http:\/\/targiseniora.pl\/wp-content\/uploads\/2017\/11\/tm2013_13.jpeg\"><img loading=\"lazy\" decoding=\"async\" class=\"size-thumbnail wp-image-478\" src=\"http:\/\/targiseniora.pl\/wp-content\/uploads\/2017\/11\/tm2013_13-150x150.jpeg\" alt=\"\" width=\"150\" height=\"150\" \/><\/a><figcaption id=\"caption-attachment-478\" class=\"wp-caption-text\">Sopot zaprasza senior\u00f3w, Dziennik Ba\u0142tycki, 4.10.2013<\/figcaption><\/figure>\n<p>&nbsp;<\/p>\n<p>&nbsp;<\/p>\n<p>&nbsp;<\/p>\n<p>&nbsp;<\/p>\n<p>&nbsp;<\/p>\n<p>&nbsp;<\/p>\n<p>&nbsp;<\/p>\n<figure id=\"attachment_495\" aria-describedby=\"caption-attachment-495\" style=\"width: 150px\" class=\"wp-caption alignleft\"><a href=\"http:\/\/targiseniora.pl\/wp-content\/uploads\/2017\/11\/tm2013_30.jpg\"><img loading=\"lazy\" decoding=\"async\" class=\"size-thumbnail wp-image-495\" src=\"http:\/\/targiseniora.pl\/wp-content\/uploads\/2017\/11\/tm2013_30-150x150.jpg\" alt=\"\" width=\"150\" height=\"150\" \/><\/a><figcaption id=\"caption-attachment-495\" class=\"wp-caption-text\">Sopockie Targi Seniora, portal internetowy Radio Gda\u0144sk<\/figcaption><\/figure>\n<figure id=\"attachment_496\" aria-describedby=\"caption-attachment-496\" style=\"width: 150px\" class=\"wp-caption alignleft\"><a href=\"http:\/\/targiseniora.pl\/wp-content\/uploads\/2017\/11\/tm2013_31.jpg\"><img loading=\"lazy\" decoding=\"async\" class=\"size-thumbnail wp-image-496\" src=\"http:\/\/targiseniora.pl\/wp-content\/uploads\/2017\/11\/tm2013_31-150x150.jpg\" alt=\"\" width=\"150\" height=\"150\" \/><\/a><figcaption id=\"caption-attachment-496\" class=\"wp-caption-text\">Sopockie Targi Seniora, portal trojmiasto.pl, 20.07.2013<\/figcaption><\/figure>\n<figure id=\"attachment_498\" aria-describedby=\"caption-attachment-498\" style=\"width: 150px\" class=\"wp-caption alignleft\"><a href=\"http:\/\/targiseniora.pl\/wp-content\/uploads\/2017\/11\/tm2013_33.jpg\"><img loading=\"lazy\" decoding=\"async\" class=\"size-thumbnail wp-image-498\" src=\"http:\/\/targiseniora.pl\/wp-content\/uploads\/2017\/11\/tm2013_33-150x150.jpg\" alt=\"\" width=\"150\" height=\"150\" \/><\/a><figcaption id=\"caption-attachment-498\" class=\"wp-caption-text\">Masz ofert\u0119 dla seniora? wiadomosci24, 17.07.2013<\/figcaption><\/figure>\n<p>&nbsp;<\/p>\n<p>&nbsp;<\/p>\n<p>&nbsp;<\/p>\n<p>&nbsp;<\/p>\n<p>&nbsp;<\/p>\n<p>&nbsp;<\/p>\n<p>&nbsp;<\/p>\n<figure id=\"attachment_479\" aria-describedby=\"caption-attachment-479\" style=\"width: 150px\" class=\"wp-caption alignleft\"><a href=\"http:\/\/targiseniora.pl\/wp-content\/uploads\/2017\/11\/tm2013_14.jpeg\"><img loading=\"lazy\" decoding=\"async\" class=\"size-thumbnail wp-image-479\" src=\"http:\/\/targiseniora.pl\/wp-content\/uploads\/2017\/11\/tm2013_14-150x150.jpeg\" alt=\"\" width=\"150\" height=\"150\" \/><\/a><figcaption id=\"caption-attachment-479\" class=\"wp-caption-text\">Targi Sopockie ju\u017c w pa\u017adzierniku, Dziennik Ba\u0142tycki, 28.08.2013<\/figcaption><\/figure>\n<figure id=\"attachment_499\" aria-describedby=\"caption-attachment-499\" style=\"width: 150px\" class=\"wp-caption alignleft\"><a href=\"http:\/\/targiseniora.pl\/wp-content\/uploads\/2017\/11\/tm2013_34.jpg\"><img loading=\"lazy\" decoding=\"async\" class=\"size-thumbnail wp-image-499\" src=\"http:\/\/targiseniora.pl\/wp-content\/uploads\/2017\/11\/tm2013_34-150x150.jpg\" alt=\"\" width=\"150\" height=\"150\" \/><\/a><figcaption id=\"caption-attachment-499\" class=\"wp-caption-text\">Jak oswoi\u0107 staro\u015b\u0107 czyli sopockie targi seniora, nadmorski24<\/figcaption><\/figure>\n<figure id=\"attachment_480\" aria-describedby=\"caption-attachment-480\" style=\"width: 150px\" class=\"wp-caption alignleft\"><a href=\"http:\/\/targiseniora.pl\/wp-content\/uploads\/2017\/11\/tm2013_15.jpeg\"><img loading=\"lazy\" decoding=\"async\" class=\"size-thumbnail wp-image-480\" src=\"http:\/\/targiseniora.pl\/wp-content\/uploads\/2017\/11\/tm2013_15-150x150.jpeg\" alt=\"\" width=\"150\" height=\"150\" \/><\/a><figcaption id=\"caption-attachment-480\" class=\"wp-caption-text\">Sopockie Targi Seniora, sopocianie, pa\u017adziernik 2013<\/figcaption><\/figure>\n<p>&nbsp;<\/p>\n<p>&nbsp;<\/p>\n<p>&nbsp;<\/p>\n<p>&nbsp;<\/p>\n<p>&nbsp;<\/p>\n<p>&nbsp;<\/p>\n<p>&nbsp;<\/p>\n<p>&nbsp;<\/p>\n<p>&nbsp;<\/p>\n<p>&nbsp;<\/p>\n<p>&nbsp;<\/p>\n<p>&nbsp;<\/p>\n<p>&nbsp;<\/p>\n<p>&nbsp;<\/p>\n<p>&nbsp;<\/p>\n<p>&nbsp;<\/p>\n","protected":false},"excerpt":{"rendered":"<p>&nbsp; &nbsp; &nbsp; &nbsp; &nbsp; &nbsp; &nbsp; &nbsp; &nbsp; &nbsp; &nbsp; &nbsp; &nbsp; &nbsp; &nbsp; &nbsp; &nbsp; &nbsp; &nbsp; &nbsp; &nbsp; &nbsp; &nbsp; &nbsp; &nbsp; &nbsp; &nbsp; &nbsp; &nbsp; &nbsp; &nbsp; &nbsp; &nbsp; &nbsp; &nbsp; &nbsp; &nbsp; &nbsp; &nbsp; &nbsp; &nbsp; &nbsp; &nbsp; &nbsp; &nbsp; &nbsp; &nbsp; &nbsp; &nbsp; &nbsp; &nbsp; &nbsp; &nbsp; &nbsp; &nbsp; [&hellip;]<\/p>\n","protected":false},"author":1,"featured_media":0,"parent":121,"menu_order":0,"comment_status":"closed","ping_status":"closed","template":"","meta":{"footnotes":""},"class_list":["post-338","page","type-page","status-publish","hentry"],"_links":{"self":[{"href":"http:\/\/targiseniora.pl\/index.php?rest_route=\/wp\/v2\/pages\/338","targetHints":{"allow":["GET"]}}],"collection":[{"href":"http:\/\/targiseniora.pl\/index.php?rest_route=\/wp\/v2\/pages"}],"about":[{"href":"http:\/\/targiseniora.pl\/index.php?rest_route=\/wp\/v2\/types\/page"}],"author":[{"embeddable":true,"href":"http:\/\/targiseniora.pl\/index.php?rest_route=\/wp\/v2\/users\/1"}],"replies":[{"embeddable":true,"href":"http:\/\/targiseniora.pl\/index.php?rest_route=%2Fwp%2Fv2%2Fcomments&post=338"}],"version-history":[{"count":8,"href":"http:\/\/targiseniora.pl\/index.php?rest_route=\/wp\/v2\/pages\/338\/revisions"}],"predecessor-version":[{"id":507,"href":"http:\/\/targiseniora.pl\/index.php?rest_route=\/wp\/v2\/pages\/338\/revisions\/507"}],"up":[{"embeddable":true,"href":"http:\/\/targiseniora.pl\/index.php?rest_route=\/wp\/v2\/pages\/121"}],"wp:attachment":[{"href":"http:\/\/targiseniora.pl\/index.php?rest_route=%2Fwp%2Fv2%2Fmedia&parent=338"}],"curies":[{"name":"wp","href":"https:\/\/api.w.org\/{rel}","templated":true}]}}