{"id":340,"date":"2017-11-08T11:07:03","date_gmt":"2017-11-08T10:07:03","guid":{"rendered":"http:\/\/213.192.95.82\/targi\/?page_id=340"},"modified":"2017-11-14T15:17:07","modified_gmt":"2017-11-14T14:17:07","slug":"edycja-2014","status":"publish","type":"page","link":"http:\/\/targiseniora.pl\/?page_id=340","title":{"rendered":"Edycja 2014"},"content":{"rendered":"<figure id=\"attachment_508\" aria-describedby=\"caption-attachment-508\" style=\"width: 150px\" class=\"wp-caption alignleft\"><a href=\"http:\/\/targiseniora.pl\/wp-content\/uploads\/2017\/11\/tm2014_01.jpg\"><img loading=\"lazy\" decoding=\"async\" class=\"size-thumbnail wp-image-508\" src=\"http:\/\/targiseniora.pl\/wp-content\/uploads\/2017\/11\/tm2014_01-150x150.jpg\" alt=\"\" width=\"150\" height=\"150\" \/><\/a><figcaption id=\"caption-attachment-508\" class=\"wp-caption-text\">Jesie\u0144 \u017cycia zaczyna si\u0119 ju\u017c wiosn\u0105, artyku\u0142 prasowy Twoja Gazeta, listopad 2014<\/figcaption><\/figure>\n<figure id=\"attachment_519\" aria-describedby=\"caption-attachment-519\" style=\"width: 150px\" class=\"wp-caption alignleft\"><a href=\"http:\/\/targiseniora.pl\/wp-content\/uploads\/2017\/11\/tm2014_12.jpg\"><img loading=\"lazy\" decoding=\"async\" class=\"size-thumbnail wp-image-519\" src=\"http:\/\/targiseniora.pl\/wp-content\/uploads\/2017\/11\/tm2014_12-150x150.jpg\" alt=\"\" width=\"150\" height=\"150\" \/><\/a><figcaption id=\"caption-attachment-519\" class=\"wp-caption-text\">T\u0142umy na V Sopockich Targach Seniora, Panorama Pomorza, listopad 2014<\/figcaption><\/figure>\n<figure id=\"attachment_530\" aria-describedby=\"caption-attachment-530\" style=\"width: 150px\" class=\"wp-caption alignleft\"><a href=\"http:\/\/targiseniora.pl\/wp-content\/uploads\/2017\/11\/tm2014_23.jpg\"><img loading=\"lazy\" decoding=\"async\" class=\"size-thumbnail wp-image-530\" src=\"http:\/\/targiseniora.pl\/wp-content\/uploads\/2017\/11\/tm2014_23-150x150.jpg\" alt=\"\" width=\"150\" height=\"150\" \/><\/a><figcaption id=\"caption-attachment-530\" class=\"wp-caption-text\">Sopockie Targi Seniora za nami, artyku\u0142 w gazecie Expressy, listopad 2014 rok<\/figcaption><\/figure>\n<p>&nbsp;<\/p>\n<p>&nbsp;<\/p>\n<p>&nbsp;<\/p>\n<p>&nbsp;<\/p>\n<p>&nbsp;<\/p>\n<p>&nbsp;<\/p>\n<p>&nbsp;<\/p>\n<figure id=\"attachment_536\" aria-describedby=\"caption-attachment-536\" style=\"width: 150px\" class=\"wp-caption alignleft\"><a href=\"http:\/\/targiseniora.pl\/wp-content\/uploads\/2017\/11\/tm2014_29.jpg\"><img loading=\"lazy\" decoding=\"async\" class=\"size-thumbnail wp-image-536\" src=\"http:\/\/targiseniora.pl\/wp-content\/uploads\/2017\/11\/tm2014_29-150x150.jpg\" alt=\"\" width=\"150\" height=\"150\" \/><\/a><figcaption id=\"caption-attachment-536\" class=\"wp-caption-text\">Jedz zdrowo, badaj si\u0119 oraz \u0107wicz umys\u0142 i cia\u0142o, artyku\u0142 Gazeta Wyborcza,\u00a0 z dnia 18-19.10.2014<\/figcaption><\/figure>\n<figure id=\"attachment_533\" aria-describedby=\"caption-attachment-533\" style=\"width: 150px\" class=\"wp-caption alignleft\"><a href=\"http:\/\/targiseniora.pl\/wp-content\/uploads\/2017\/11\/tm2014_26.jpg\"><img loading=\"lazy\" decoding=\"async\" class=\"size-thumbnail wp-image-533\" src=\"http:\/\/targiseniora.pl\/wp-content\/uploads\/2017\/11\/tm2014_26-150x150.jpg\" alt=\"\" width=\"150\" height=\"150\" \/><\/a><figcaption id=\"caption-attachment-533\" class=\"wp-caption-text\">Pi\u0119kny u\u015bmiech podczas 5 Sopockich Targ\u00f3w Seniora, politykaspoleczna.com, 23.10.2014<\/figcaption><\/figure>\n<figure id=\"attachment_534\" aria-describedby=\"caption-attachment-534\" style=\"width: 150px\" class=\"wp-caption alignleft\"><a href=\"http:\/\/targiseniora.pl\/wp-content\/uploads\/2017\/11\/tm2014_27.jpg\"><img loading=\"lazy\" decoding=\"async\" class=\"size-thumbnail wp-image-534\" src=\"http:\/\/targiseniora.pl\/wp-content\/uploads\/2017\/11\/tm2014_27-150x150.jpg\" alt=\"\" width=\"150\" height=\"150\" \/><\/a><figcaption id=\"caption-attachment-534\" class=\"wp-caption-text\">Pi\u0119kny u\u015bmiech podczas 5 Sopockich Targ\u00f3w Seniora, metropolitalne.info, 23.10.2014<\/figcaption><\/figure>\n<p>&nbsp;<\/p>\n<p>&nbsp;<\/p>\n<p>&nbsp;<\/p>\n<p>&nbsp;<\/p>\n<p>&nbsp;<\/p>\n<p>&nbsp;<\/p>\n<p>&nbsp;<\/p>\n<p>&nbsp;<\/p>\n<figure id=\"attachment_535\" aria-describedby=\"caption-attachment-535\" style=\"width: 150px\" class=\"wp-caption alignleft\"><a href=\"http:\/\/targiseniora.pl\/wp-content\/uploads\/2017\/11\/tm2014_28.jpg\"><img loading=\"lazy\" decoding=\"async\" class=\"size-thumbnail wp-image-535\" src=\"http:\/\/targiseniora.pl\/wp-content\/uploads\/2017\/11\/tm2014_28-150x150.jpg\" alt=\"\" width=\"150\" height=\"150\" \/><\/a><figcaption id=\"caption-attachment-535\" class=\"wp-caption-text\">Sopockie Targi Seniora ju\u017c za nami, senior.pl, 22.10.2014<\/figcaption><\/figure>\n<figure id=\"attachment_532\" aria-describedby=\"caption-attachment-532\" style=\"width: 150px\" class=\"wp-caption alignleft\"><a href=\"http:\/\/targiseniora.pl\/wp-content\/uploads\/2017\/11\/tm2014_25.jpg\"><img loading=\"lazy\" decoding=\"async\" class=\"size-thumbnail wp-image-532\" src=\"http:\/\/targiseniora.pl\/wp-content\/uploads\/2017\/11\/tm2014_25-150x150.jpg\" alt=\"\" width=\"150\" height=\"150\" \/><\/a><figcaption id=\"caption-attachment-532\" class=\"wp-caption-text\">Sopockie Targi Seniora 2014 &#8211; podsumowanie, cafesenior.pl, 24.10.2014<\/figcaption><\/figure>\n<figure id=\"attachment_512\" aria-describedby=\"caption-attachment-512\" style=\"width: 150px\" class=\"wp-caption alignleft\"><a href=\"http:\/\/targiseniora.pl\/wp-content\/uploads\/2017\/11\/tm2014_05.jpg\"><img loading=\"lazy\" decoding=\"async\" class=\"size-thumbnail wp-image-512\" src=\"http:\/\/targiseniora.pl\/wp-content\/uploads\/2017\/11\/tm2014_05-150x150.jpg\" alt=\"\" width=\"150\" height=\"150\" \/><\/a><figcaption id=\"caption-attachment-512\" class=\"wp-caption-text\">Miss po 50-tce na Targach Seniora, gwe24, 16.10.2014<\/figcaption><\/figure>\n<p>&nbsp;<\/p>\n<p>&nbsp;<\/p>\n<p>&nbsp;<\/p>\n<p>&nbsp;<\/p>\n<p>&nbsp;<\/p>\n<p>&nbsp;<\/p>\n<p>&nbsp;<\/p>\n<figure id=\"attachment_509\" aria-describedby=\"caption-attachment-509\" style=\"width: 150px\" class=\"wp-caption alignleft\"><a href=\"http:\/\/targiseniora.pl\/wp-content\/uploads\/2017\/11\/tm2014_02.jpg\"><img loading=\"lazy\" decoding=\"async\" class=\"size-thumbnail wp-image-509\" src=\"http:\/\/targiseniora.pl\/wp-content\/uploads\/2017\/11\/tm2014_02-150x150.jpg\" alt=\"\" width=\"150\" height=\"150\" \/><\/a><figcaption id=\"caption-attachment-509\" class=\"wp-caption-text\">Przyjd\u017a w weekend na Sopockie Targi Seniora, Dziennik Ba\u0142tycki, 18-19.10.2014<\/figcaption><\/figure>\n<figure id=\"attachment_510\" aria-describedby=\"caption-attachment-510\" style=\"width: 150px\" class=\"wp-caption alignleft\"><a href=\"http:\/\/targiseniora.pl\/wp-content\/uploads\/2017\/11\/tm2014_03.jpg\"><img loading=\"lazy\" decoding=\"async\" class=\"size-thumbnail wp-image-510\" src=\"http:\/\/targiseniora.pl\/wp-content\/uploads\/2017\/11\/tm2014_03-150x150.jpg\" alt=\"\" width=\"150\" height=\"150\" \/><\/a><figcaption id=\"caption-attachment-510\" class=\"wp-caption-text\">U\u015bmiechnij si\u0119 bez wzgl\u0119du na wiek, gazeta Nasze Miasto, 16.10.2014<\/figcaption><\/figure>\n<figure id=\"attachment_511\" aria-describedby=\"caption-attachment-511\" style=\"width: 150px\" class=\"wp-caption alignleft\"><a href=\"http:\/\/targiseniora.pl\/wp-content\/uploads\/2017\/11\/tm2014_04.jpg\"><img loading=\"lazy\" decoding=\"async\" class=\"size-thumbnail wp-image-511\" src=\"http:\/\/targiseniora.pl\/wp-content\/uploads\/2017\/11\/tm2014_04-150x150.jpg\" alt=\"\" width=\"150\" height=\"150\" \/><\/a><figcaption id=\"caption-attachment-511\" class=\"wp-caption-text\">Przyjd\u017a w weekend na Sopockie Targi Seniora, Nasze Miasto, 16.10.2014<\/figcaption><\/figure>\n<p>&nbsp;<\/p>\n<p>&nbsp;<\/p>\n<p>&nbsp;<\/p>\n<p>&nbsp;<\/p>\n<p>&nbsp;<\/p>\n<p>&nbsp;<\/p>\n<p>&nbsp;<\/p>\n<p>&nbsp;<\/p>\n<figure id=\"attachment_537\" aria-describedby=\"caption-attachment-537\" style=\"width: 150px\" class=\"wp-caption alignleft\"><a href=\"http:\/\/targiseniora.pl\/wp-content\/uploads\/2017\/11\/tm2014_30.jpg\"><img loading=\"lazy\" decoding=\"async\" class=\"size-thumbnail wp-image-537\" src=\"http:\/\/targiseniora.pl\/wp-content\/uploads\/2017\/11\/tm2014_30-150x150.jpg\" alt=\"\" width=\"150\" height=\"150\" \/><\/a><figcaption id=\"caption-attachment-537\" class=\"wp-caption-text\">Sopockie Targi Seniora, Dziennik Ba\u0142tycki, 18-19.10.2014<\/figcaption><\/figure>\n<figure id=\"attachment_513\" aria-describedby=\"caption-attachment-513\" style=\"width: 150px\" class=\"wp-caption alignleft\"><a href=\"http:\/\/targiseniora.pl\/wp-content\/uploads\/2017\/11\/tm2014_06.jpg\"><img loading=\"lazy\" decoding=\"async\" class=\"size-thumbnail wp-image-513\" src=\"http:\/\/targiseniora.pl\/wp-content\/uploads\/2017\/11\/tm2014_06-150x150.jpg\" alt=\"\" width=\"150\" height=\"150\" \/><\/a><figcaption id=\"caption-attachment-513\" class=\"wp-caption-text\">Zbli\u017caj\u0105 si\u0119 Sopockie Targi Seniora, metropolitalne.info, 15.10.2014<\/figcaption><\/figure>\n<figure id=\"attachment_514\" aria-describedby=\"caption-attachment-514\" style=\"width: 150px\" class=\"wp-caption alignleft\"><a href=\"http:\/\/targiseniora.pl\/wp-content\/uploads\/2017\/11\/tm2014_07.jpg\"><img loading=\"lazy\" decoding=\"async\" class=\"size-thumbnail wp-image-514\" src=\"http:\/\/targiseniora.pl\/wp-content\/uploads\/2017\/11\/tm2014_07-150x150.jpg\" alt=\"\" width=\"150\" height=\"150\" \/><\/a><figcaption id=\"caption-attachment-514\" class=\"wp-caption-text\">Targi Seniora ju\u017c w najbli\u017cszy weekend, Dziennik Ba\u0142tycki, 15.10.2014<\/figcaption><\/figure>\n<p>&nbsp;<\/p>\n<p>&nbsp;<\/p>\n<p>&nbsp;<\/p>\n<p>&nbsp;<\/p>\n<p>&nbsp;<\/p>\n<p>&nbsp;<\/p>\n<p>&nbsp;<\/p>\n<p>&nbsp;<\/p>\n<figure id=\"attachment_515\" aria-describedby=\"caption-attachment-515\" style=\"width: 150px\" class=\"wp-caption alignleft\"><a href=\"http:\/\/targiseniora.pl\/wp-content\/uploads\/2017\/11\/tm2014_08.jpg\"><img loading=\"lazy\" decoding=\"async\" class=\"size-thumbnail wp-image-515\" src=\"http:\/\/targiseniora.pl\/wp-content\/uploads\/2017\/11\/tm2014_08-150x150.jpg\" alt=\"\" width=\"150\" height=\"150\" \/><\/a><figcaption id=\"caption-attachment-515\" class=\"wp-caption-text\">Pi\u0119kny u\u015bmiech w ka\u017cdym wieku, Panorama Pomorza, pa\u017adziernik 2014<\/figcaption><\/figure>\n<figure id=\"attachment_516\" aria-describedby=\"caption-attachment-516\" style=\"width: 150px\" class=\"wp-caption alignleft\"><a href=\"http:\/\/targiseniora.pl\/wp-content\/uploads\/2017\/11\/tm2014_09.jpg\"><img loading=\"lazy\" decoding=\"async\" class=\"size-thumbnail wp-image-516\" src=\"http:\/\/targiseniora.pl\/wp-content\/uploads\/2017\/11\/tm2014_09-150x150.jpg\" alt=\"\" width=\"150\" height=\"150\" \/><\/a><figcaption id=\"caption-attachment-516\" class=\"wp-caption-text\">Sopockie Targi Seniora, informacja prasowa\u00a0 plus50.pl, z dnia 13.10.2014<\/figcaption><\/figure>\n<figure id=\"attachment_517\" aria-describedby=\"caption-attachment-517\" style=\"width: 150px\" class=\"wp-caption alignleft\"><a href=\"http:\/\/targiseniora.pl\/wp-content\/uploads\/2017\/11\/tm2014_10.jpg\"><img loading=\"lazy\" decoding=\"async\" class=\"size-thumbnail wp-image-517\" src=\"http:\/\/targiseniora.pl\/wp-content\/uploads\/2017\/11\/tm2014_10-150x150.jpg\" alt=\"\" width=\"150\" height=\"150\" \/><\/a><figcaption id=\"caption-attachment-517\" class=\"wp-caption-text\">Zbli\u017caj\u0105 si\u0119 Sopockie Targi Seniora, portal internetowy ngo.pl, dnia 10.10.2014<\/figcaption><\/figure>\n<p>&nbsp;<\/p>\n<p>&nbsp;<\/p>\n<p>&nbsp;<\/p>\n<p>&nbsp;<\/p>\n<p>&nbsp;<\/p>\n<p>&nbsp;<\/p>\n<p>&nbsp;<\/p>\n<p>&nbsp;<\/p>\n<figure id=\"attachment_522\" aria-describedby=\"caption-attachment-522\" style=\"width: 150px\" class=\"wp-caption alignleft\"><a href=\"http:\/\/targiseniora.pl\/wp-content\/uploads\/2017\/11\/tm2014_15.jpg\"><img loading=\"lazy\" decoding=\"async\" class=\"size-thumbnail wp-image-522\" src=\"http:\/\/targiseniora.pl\/wp-content\/uploads\/2017\/11\/tm2014_15-150x150.jpg\" alt=\"\" width=\"150\" height=\"150\" \/><\/a><figcaption id=\"caption-attachment-522\" class=\"wp-caption-text\">Zapraszamy firmy przyjazne seniorom, Panorama Pomorza, wrzesie\u0144 2014<\/figcaption><\/figure>\n<figure id=\"attachment_520\" aria-describedby=\"caption-attachment-520\" style=\"width: 150px\" class=\"wp-caption alignleft\"><a href=\"http:\/\/targiseniora.pl\/wp-content\/uploads\/2017\/11\/tm2014_13.jpg\"><img loading=\"lazy\" decoding=\"async\" class=\"size-thumbnail wp-image-520\" src=\"http:\/\/targiseniora.pl\/wp-content\/uploads\/2017\/11\/tm2014_13-150x150.jpg\" alt=\"\" width=\"150\" height=\"150\" \/><\/a><figcaption id=\"caption-attachment-520\" class=\"wp-caption-text\">Ju\u017c wkr\u00f3tce Targi Seniora. Warto tam by\u0142, Dziennik Ba\u0142tycki, 8.10.2014<\/figcaption><\/figure>\n<figure id=\"attachment_521\" aria-describedby=\"caption-attachment-521\" style=\"width: 150px\" class=\"wp-caption alignleft\"><a href=\"http:\/\/targiseniora.pl\/wp-content\/uploads\/2017\/11\/tm2014_14.jpg\"><img loading=\"lazy\" decoding=\"async\" class=\"size-thumbnail wp-image-521\" src=\"http:\/\/targiseniora.pl\/wp-content\/uploads\/2017\/11\/tm2014_14-150x150.jpg\" alt=\"\" width=\"150\" height=\"150\" \/><\/a><figcaption id=\"caption-attachment-521\" class=\"wp-caption-text\">Sopockie Targi Seniora ju\u017c blisko, gwe24. Karol Pasieka, z dnia 6.10.2014<\/figcaption><\/figure>\n<p>&nbsp;<\/p>\n<p>&nbsp;<\/p>\n<p>&nbsp;<\/p>\n<p>&nbsp;<\/p>\n<p>&nbsp;<\/p>\n<p>&nbsp;<\/p>\n<p>&nbsp;<\/p>\n<p>&nbsp;<\/p>\n<figure id=\"attachment_518\" aria-describedby=\"caption-attachment-518\" style=\"width: 150px\" class=\"wp-caption alignleft\"><a href=\"http:\/\/targiseniora.pl\/wp-content\/uploads\/2017\/11\/tm2014_11.jpg\"><img loading=\"lazy\" decoding=\"async\" class=\"size-thumbnail wp-image-518\" src=\"http:\/\/targiseniora.pl\/wp-content\/uploads\/2017\/11\/tm2014_11-150x150.jpg\" alt=\"\" width=\"150\" height=\"150\" \/><\/a><figcaption id=\"caption-attachment-518\" class=\"wp-caption-text\">Sopockie Targi Seniora, Gazeta Wyborcza, 9.10.2014<\/figcaption><\/figure>\n<figure id=\"attachment_523\" aria-describedby=\"caption-attachment-523\" style=\"width: 150px\" class=\"wp-caption alignleft\"><a href=\"http:\/\/targiseniora.pl\/wp-content\/uploads\/2017\/11\/tm2014_16.jpg\"><img loading=\"lazy\" decoding=\"async\" class=\"size-thumbnail wp-image-523\" src=\"http:\/\/targiseniora.pl\/wp-content\/uploads\/2017\/11\/tm2014_16-150x150.jpg\" alt=\"\" width=\"150\" height=\"150\" \/><\/a><figcaption id=\"caption-attachment-523\" class=\"wp-caption-text\">Poka\u017c si\u0119 na Targach Seniora, Dziennik Ba\u0142tycki, 23.08.2014<\/figcaption><\/figure>\n<figure id=\"attachment_527\" aria-describedby=\"caption-attachment-527\" style=\"width: 150px\" class=\"wp-caption alignleft\"><a href=\"http:\/\/targiseniora.pl\/wp-content\/uploads\/2017\/11\/tm2014_20.jpg\"><img loading=\"lazy\" decoding=\"async\" class=\"size-thumbnail wp-image-527\" src=\"http:\/\/targiseniora.pl\/wp-content\/uploads\/2017\/11\/tm2014_20-150x150.jpg\" alt=\"\" width=\"150\" height=\"150\" \/><\/a><figcaption id=\"caption-attachment-527\" class=\"wp-caption-text\">Zapraszamy firmy przyjazne seniorom, Expressy, sierpie\u0144 2014<\/figcaption><\/figure>\n<p>&nbsp;<\/p>\n<p>&nbsp;<\/p>\n<p>&nbsp;<\/p>\n<p>&nbsp;<\/p>\n<p>&nbsp;<\/p>\n<p>&nbsp;<\/p>\n<p>&nbsp;<\/p>\n<figure id=\"attachment_525\" aria-describedby=\"caption-attachment-525\" style=\"width: 150px\" class=\"wp-caption alignleft\"><a href=\"http:\/\/targiseniora.pl\/wp-content\/uploads\/2017\/11\/tm2014_18.jpg\"><img loading=\"lazy\" decoding=\"async\" class=\"size-thumbnail wp-image-525\" src=\"http:\/\/targiseniora.pl\/wp-content\/uploads\/2017\/11\/tm2014_18-150x150.jpg\" alt=\"\" width=\"150\" height=\"150\" \/><\/a><figcaption id=\"caption-attachment-525\" class=\"wp-caption-text\">Sopockie Targi Seniora coraz bli\u017cej, Dziennik Ba\u0142tycki, z dnia 6.08.2014<\/figcaption><\/figure>\n<figure id=\"attachment_526\" aria-describedby=\"caption-attachment-526\" style=\"width: 150px\" class=\"wp-caption alignleft\"><a href=\"http:\/\/targiseniora.pl\/wp-content\/uploads\/2017\/11\/tm2014_19.jpg\"><img loading=\"lazy\" decoding=\"async\" class=\"size-thumbnail wp-image-526\" src=\"http:\/\/targiseniora.pl\/wp-content\/uploads\/2017\/11\/tm2014_19-150x150.jpg\" alt=\"\" width=\"150\" height=\"150\" \/><\/a><figcaption id=\"caption-attachment-526\" class=\"wp-caption-text\">Sopockie Targi Seniora, portal internetowy ngo.pl, z dnia 29.07.2014 roku.<\/figcaption><\/figure>\n<figure id=\"attachment_528\" aria-describedby=\"caption-attachment-528\" style=\"width: 150px\" class=\"wp-caption alignleft\"><a href=\"http:\/\/targiseniora.pl\/wp-content\/uploads\/2017\/11\/tm2014_21.jpg\"><img loading=\"lazy\" decoding=\"async\" class=\"size-thumbnail wp-image-528\" src=\"http:\/\/targiseniora.pl\/wp-content\/uploads\/2017\/11\/tm2014_21-150x150.jpg\" alt=\"\" width=\"150\" height=\"150\" \/><\/a><figcaption id=\"caption-attachment-528\" class=\"wp-caption-text\">Jubileuszowa edycja Sopockich Targ\u00f3w Seniora ju\u017c jesieni\u0105, domyseniora.pl<\/figcaption><\/figure>\n<p>&nbsp;<\/p>\n<p>&nbsp;<\/p>\n<p>&nbsp;<\/p>\n<p>&nbsp;<\/p>\n<p>&nbsp;<\/p>\n<p>&nbsp;<\/p>\n<p>&nbsp;<\/p>\n<p>&nbsp;<\/p>\n<figure id=\"attachment_529\" aria-describedby=\"caption-attachment-529\" style=\"width: 150px\" class=\"wp-caption alignleft\"><a href=\"http:\/\/targiseniora.pl\/wp-content\/uploads\/2017\/11\/tm2014_22.jpg\"><img loading=\"lazy\" decoding=\"async\" class=\"size-thumbnail wp-image-529\" src=\"http:\/\/targiseniora.pl\/wp-content\/uploads\/2017\/11\/tm2014_22-150x150.jpg\" alt=\"\" width=\"150\" height=\"150\" \/><\/a><figcaption id=\"caption-attachment-529\" class=\"wp-caption-text\">Masz ofert\u0119 dla seniora? Poka\u017c si\u0119 na Targach!, Panorama Pomorza, lipiec 2014<\/figcaption><\/figure>\n<figure id=\"attachment_531\" aria-describedby=\"caption-attachment-531\" style=\"width: 150px\" class=\"wp-caption alignleft\"><a href=\"http:\/\/targiseniora.pl\/wp-content\/uploads\/2017\/11\/tm2014_24.jpg\"><img loading=\"lazy\" decoding=\"async\" class=\"size-thumbnail wp-image-531\" src=\"http:\/\/targiseniora.pl\/wp-content\/uploads\/2017\/11\/tm2014_24-150x150.jpg\" alt=\"\" width=\"150\" height=\"150\" \/><\/a><figcaption id=\"caption-attachment-531\" class=\"wp-caption-text\">Sopockie Targi Seniora po raz pi\u0105ty, G\u0142os Seniora, czerwiec &#8211; lipiec 2014 roku.<\/figcaption><\/figure>\n","protected":false},"excerpt":{"rendered":"<p>&nbsp; &nbsp; &nbsp; &nbsp; &nbsp; &nbsp; &nbsp; &nbsp; &nbsp; &nbsp; &nbsp; &nbsp; &nbsp; &nbsp; &nbsp; &nbsp; &nbsp; &nbsp; &nbsp; &nbsp; &nbsp; &nbsp; &nbsp; &nbsp; &nbsp; &nbsp; &nbsp; &nbsp; &nbsp; &nbsp; &nbsp; &nbsp; &nbsp; &nbsp; &nbsp; &nbsp; &nbsp; &nbsp; &nbsp; &nbsp; &nbsp; &nbsp; &nbsp; &nbsp; &nbsp; &nbsp; &nbsp; &nbsp; &nbsp; &nbsp; &nbsp; &nbsp; &nbsp; &nbsp; &nbsp; [&hellip;]<\/p>\n","protected":false},"author":1,"featured_media":0,"parent":121,"menu_order":0,"comment_status":"closed","ping_status":"closed","template":"","meta":{"footnotes":""},"class_list":["post-340","page","type-page","status-publish","hentry"],"_links":{"self":[{"href":"http:\/\/targiseniora.pl\/index.php?rest_route=\/wp\/v2\/pages\/340","targetHints":{"allow":["GET"]}}],"collection":[{"href":"http:\/\/targiseniora.pl\/index.php?rest_route=\/wp\/v2\/pages"}],"about":[{"href":"http:\/\/targiseniora.pl\/index.php?rest_route=\/wp\/v2\/types\/page"}],"author":[{"embeddable":true,"href":"http:\/\/targiseniora.pl\/index.php?rest_route=\/wp\/v2\/users\/1"}],"replies":[{"embeddable":true,"href":"http:\/\/targiseniora.pl\/index.php?rest_route=%2Fwp%2Fv2%2Fcomments&post=340"}],"version-history":[{"count":5,"href":"http:\/\/targiseniora.pl\/index.php?rest_route=\/wp\/v2\/pages\/340\/revisions"}],"predecessor-version":[{"id":538,"href":"http:\/\/targiseniora.pl\/index.php?rest_route=\/wp\/v2\/pages\/340\/revisions\/538"}],"up":[{"embeddable":true,"href":"http:\/\/targiseniora.pl\/index.php?rest_route=\/wp\/v2\/pages\/121"}],"wp:attachment":[{"href":"http:\/\/targiseniora.pl\/index.php?rest_route=%2Fwp%2Fv2%2Fmedia&parent=340"}],"curies":[{"name":"wp","href":"https:\/\/api.w.org\/{rel}","templated":true}]}}