{"id":4,"date":"2017-08-23T08:27:21","date_gmt":"2017-08-23T06:27:21","guid":{"rendered":"http:\/\/nowa.targiseniora.pl\/?page_id=4"},"modified":"2017-11-15T10:49:32","modified_gmt":"2017-11-15T09:49:32","slug":"o-targach","status":"publish","type":"page","link":"http:\/\/targiseniora.pl\/?page_id=4","title":{"rendered":"O targach"},"content":{"rendered":"<p>Sopockie Targi Seniora to jedna z pierwszych w Polsce, organizowana od 2010 r.,<br \/>\nprofesjonalna impreza wystawiennicza o charakterze edukacyjno-kulturalnym<br \/>\ndedykowana seniorom oraz ich rodzinom. Inicjatywa ta cieszy si\u0105 du\u017cym<br \/>\nzainteresowaniem w\u015br\u00f3d mieszka\u0144c\u00f3w Sopotu, Tr\u00f3jmiasta oraz ca\u0142ego regionu.<\/p>\n<p>Sopockie Targi Seniora s\u0105 miejscem gdzie spotykaj\u0105 si\u0119 przedstawiciele r\u00f3nych<br \/>\nbran\u017c, organizacje i instytucje, kt\u00f3re oferuj\u0105 produkty i us\u0142ugi dostosowane do potrzeb<br \/>\ni mo\u017cliwo\u015bci os\u00f3b starszych. Wydarzenie to ma charakter edukacyjno-kulturalny,<br \/>\ndlatego wa\u017cnym elementem, obok stoisk wystawienniczych, s\u0105 warsztaty, pokazy,<br \/>\nwyk\u0142ady oraz badania profilaktyczne.<\/p>\n","protected":false},"excerpt":{"rendered":"<p>Sopockie Targi Seniora to jedna z pierwszych w Polsce, organizowana od 2010 r., profesjonalna impreza wystawiennicza o charakterze edukacyjno-kulturalnym dedykowana seniorom oraz ich rodzinom. Inicjatywa ta cieszy si\u0105 du\u017cym zainteresowaniem w\u015br\u00f3d mieszka\u0144c\u00f3w Sopotu, Tr\u00f3jmiasta oraz ca\u0142ego regionu. Sopockie Targi Seniora s\u0105 miejscem gdzie spotykaj\u0105 si\u0119 przedstawiciele r\u00f3nych bran\u017c, organizacje i instytucje, kt\u00f3re oferuj\u0105 produkty i [&hellip;]<\/p>\n","protected":false},"author":1,"featured_media":0,"parent":0,"menu_order":0,"comment_status":"closed","ping_status":"closed","template":"","meta":{"footnotes":""},"class_list":["post-4","page","type-page","status-publish","hentry"],"_links":{"self":[{"href":"http:\/\/targiseniora.pl\/index.php?rest_route=\/wp\/v2\/pages\/4","targetHints":{"allow":["GET"]}}],"collection":[{"href":"http:\/\/targiseniora.pl\/index.php?rest_route=\/wp\/v2\/pages"}],"about":[{"href":"http:\/\/targiseniora.pl\/index.php?rest_route=\/wp\/v2\/types\/page"}],"author":[{"embeddable":true,"href":"http:\/\/targiseniora.pl\/index.php?rest_route=\/wp\/v2\/users\/1"}],"replies":[{"embeddable":true,"href":"http:\/\/targiseniora.pl\/index.php?rest_route=%2Fwp%2Fv2%2Fcomments&post=4"}],"version-history":[{"count":3,"href":"http:\/\/targiseniora.pl\/index.php?rest_route=\/wp\/v2\/pages\/4\/revisions"}],"predecessor-version":[{"id":543,"href":"http:\/\/targiseniora.pl\/index.php?rest_route=\/wp\/v2\/pages\/4\/revisions\/543"}],"wp:attachment":[{"href":"http:\/\/targiseniora.pl\/index.php?rest_route=%2Fwp%2Fv2%2Fmedia&parent=4"}],"curies":[{"name":"wp","href":"https:\/\/api.w.org\/{rel}","templated":true}]}}