{"id":6,"date":"2017-08-23T08:27:38","date_gmt":"2017-08-23T06:27:38","guid":{"rendered":"http:\/\/nowa.targiseniora.pl\/?page_id=6"},"modified":"2017-08-28T15:16:36","modified_gmt":"2017-08-28T13:16:36","slug":"organizatorzy","status":"publish","type":"page","link":"http:\/\/targiseniora.pl\/?page_id=6","title":{"rendered":"Organizatorzy"},"content":{"rendered":"<p><strong>Miejski O\u015brodek Pomocy Spo\u0142ecznej w Sopocie<\/strong><br \/>\nOd 25 lat Miejski O\u015brodek Pomocy Spo\u0142ecznej w Sopocie koordynuje system pomocy spo\u0142ecznej w mie\u015bcie; dostosowuj\u0105c do aktualnej sytuacji, odpowiada na problemy mieszka\u0144c\u00f3w oraz wspiera w ich rozwi\u0105zywaniu. Pomaga dzieciom oraz rodzinom wieloproblemowym, osobom starszym, niepe\u0142nosprawnym, bezdomnym, chorym, bezrobotnym. Praca O\u015brodka nie ogranicza si\u0119 jedynie do udzielania pomocy finansowej, ale r\u00f3wnie\u017c profesjonalnej pracy socjalnej, psychologicznej, pedagogicznej i pomocy prawnej. Indywidualne podej\u015bcie do klienta, w\u0142\u0105czanie element\u00f3w aktywnej integracji oraz poszukiwanie i podejmowanie nowych skutecznych rozwi\u0105za\u0144 w pracy socjalnej to g\u0142\u00f3wne zasady dzia\u0142ania sopockiego MOPS-u.<\/p>\n<p><a href=\"http:\/\/www.mopssopot.pl\/\" target=\"_blank\" rel=\"noopener\">www.mopssopot.pl<\/a><\/p>\n<p><strong>Sp\u00f3\u0142dzielnia Socjalna Kooperacja <\/strong><br \/>\nSp\u00f3\u0142dzielnia Socjalna Kooperacja zosta\u0142a za\u0142o\u017cona przez 3 podmioty prawne: Gmin\u0119 Miasta Sopotu, Towarzystwo Pomocy im. \u009cw. Brata Alberta Ko\u0142o Gda\u0144skie oraz Caritas Archidiecezji Gda\u0144skiej. Celem dzia\u0142ania Sp\u00f3\u0142dzielni Socjalnej Kooperacja jest umo\u017cliwienie osobom pozostaj\u0105cym bez pracy oraz osobom niepe\u0142nosprawnym aktywizacji zawodowej, a tak\u017ce prowadzenie reintegracji spo\u0142ecznej os\u00f3b zatrudnionych w sp\u00f3\u0142dzielni. Sp\u00f3\u0142dzielnia Socjalna Kooperacja prowadzi dzia\u0142alno\u009c\u0107 wielobran\u017cow\u0105. Kluczowe obszary dzia\u0142ania Sp\u00f3\u0142dzielni to m.in.<br \/>\n&#8211; prowadzenie Agencji Zatrudnienia \u0096 po\u009crednictwo pracy, kursy i szkolenia, doradztwo zawodowe i wsparcie psychologiczne,<br \/>\n&#8211; prowadzenie sklepu charytatywnego LukLuk \u0096 sprzeda\u017c rzeczy u\u017cywanych pozyskiwanych od darczy\u0144c\u00f3w prywatnych i biznesowych,<br \/>\n&#8211; prowadzenie parkingu letniego,<br \/>\n&#8211; realizacja projekt\u00f3w i inicjatyw spo\u0142ecznych skierowanych do spo\u0142eczno\u009cci lokalnej \u0096 np. Rzecznik Osoby Starszej, Sopockie Targi Seniora.<br \/>\nSp\u00f3\u0142dzielnia i jej model wsp\u00f3\u0142pracy z administracj\u0105 publiczn\u0105 w Sopocie znalaz\u0142y si\u0119 na li\u009ccie 40 najlepszych europejskich praktyk w ramach konkursu REVES Award 2015.<\/p>\n","protected":false},"excerpt":{"rendered":"<p>Miejski O\u015brodek Pomocy Spo\u0142ecznej w Sopocie Od 25 lat Miejski O\u015brodek Pomocy Spo\u0142ecznej w Sopocie koordynuje system pomocy spo\u0142ecznej w mie\u015bcie; dostosowuj\u0105c do aktualnej sytuacji, odpowiada na problemy mieszka\u0144c\u00f3w oraz wspiera w ich rozwi\u0105zywaniu. Pomaga dzieciom oraz rodzinom wieloproblemowym, osobom starszym, niepe\u0142nosprawnym, bezdomnym, chorym, bezrobotnym. Praca O\u015brodka nie ogranicza si\u0119 jedynie do udzielania pomocy finansowej, [&hellip;]<\/p>\n","protected":false},"author":1,"featured_media":0,"parent":0,"menu_order":0,"comment_status":"closed","ping_status":"closed","template":"","meta":{"footnotes":""},"class_list":["post-6","page","type-page","status-publish","hentry"],"_links":{"self":[{"href":"http:\/\/targiseniora.pl\/index.php?rest_route=\/wp\/v2\/pages\/6","targetHints":{"allow":["GET"]}}],"collection":[{"href":"http:\/\/targiseniora.pl\/index.php?rest_route=\/wp\/v2\/pages"}],"about":[{"href":"http:\/\/targiseniora.pl\/index.php?rest_route=\/wp\/v2\/types\/page"}],"author":[{"embeddable":true,"href":"http:\/\/targiseniora.pl\/index.php?rest_route=\/wp\/v2\/users\/1"}],"replies":[{"embeddable":true,"href":"http:\/\/targiseniora.pl\/index.php?rest_route=%2Fwp%2Fv2%2Fcomments&post=6"}],"version-history":[{"count":2,"href":"http:\/\/targiseniora.pl\/index.php?rest_route=\/wp\/v2\/pages\/6\/revisions"}],"predecessor-version":[{"id":83,"href":"http:\/\/targiseniora.pl\/index.php?rest_route=\/wp\/v2\/pages\/6\/revisions\/83"}],"wp:attachment":[{"href":"http:\/\/targiseniora.pl\/index.php?rest_route=%2Fwp%2Fv2%2Fmedia&parent=6"}],"curies":[{"name":"wp","href":"https:\/\/api.w.org\/{rel}","templated":true}]}}