{"id":8,"date":"2017-08-23T08:38:18","date_gmt":"2017-08-23T06:38:18","guid":{"rendered":"http:\/\/nowa.targiseniora.pl\/?page_id=8"},"modified":"2018-02-07T15:05:14","modified_gmt":"2018-02-07T14:05:14","slug":"kontakt","status":"publish","type":"page","link":"http:\/\/targiseniora.pl\/?page_id=8","title":{"rendered":"Kontakt"},"content":{"rendered":"<p><strong>Biuro Organizacyjne Sopockich Targ\u00f3w Seniora<\/strong><br \/>\nMiejski O\u015brodek Pomocy Spo\u0142ecznej w Sopocie<br \/>\nul. Kolejowa 14, 81-835 Sopot<br \/>\ntel. 58 555-09-04<br \/>\ntel. 58 551-17-10 wew. 251<br \/>\ne-mail: <a href=\"mailto:biuro@targiseniora.pl\">biuro@targiseniora.pl<\/a><\/p>\n","protected":false},"excerpt":{"rendered":"<p>Biuro Organizacyjne Sopockich Targ\u00f3w Seniora Miejski O\u015brodek Pomocy Spo\u0142ecznej w Sopocie ul. Kolejowa 14, 81-835 Sopot tel. 58 555-09-04 tel. 58 551-17-10 wew. 251 e-mail: biuro@targiseniora.pl<\/p>\n","protected":false},"author":1,"featured_media":0,"parent":0,"menu_order":0,"comment_status":"closed","ping_status":"closed","template":"","meta":{"footnotes":""},"class_list":["post-8","page","type-page","status-publish","hentry"],"_links":{"self":[{"href":"http:\/\/targiseniora.pl\/index.php?rest_route=\/wp\/v2\/pages\/8","targetHints":{"allow":["GET"]}}],"collection":[{"href":"http:\/\/targiseniora.pl\/index.php?rest_route=\/wp\/v2\/pages"}],"about":[{"href":"http:\/\/targiseniora.pl\/index.php?rest_route=\/wp\/v2\/types\/page"}],"author":[{"embeddable":true,"href":"http:\/\/targiseniora.pl\/index.php?rest_route=\/wp\/v2\/users\/1"}],"replies":[{"embeddable":true,"href":"http:\/\/targiseniora.pl\/index.php?rest_route=%2Fwp%2Fv2%2Fcomments&post=8"}],"version-history":[{"count":3,"href":"http:\/\/targiseniora.pl\/index.php?rest_route=\/wp\/v2\/pages\/8\/revisions"}],"predecessor-version":[{"id":809,"href":"http:\/\/targiseniora.pl\/index.php?rest_route=\/wp\/v2\/pages\/8\/revisions\/809"}],"wp:attachment":[{"href":"http:\/\/targiseniora.pl\/index.php?rest_route=%2Fwp%2Fv2%2Fmedia&parent=8"}],"curies":[{"name":"wp","href":"https:\/\/api.w.org\/{rel}","templated":true}]}}